{"id":34,"date":"2024-09-08T16:08:54","date_gmt":"2024-09-08T16:08:54","guid":{"rendered":"https:\/\/prog-ag.de\/?page_id=34"},"modified":"2024-09-08T20:33:40","modified_gmt":"2024-09-08T20:33:40","slug":"minecraft-server-der-schule","status":"publish","type":"page","link":"https:\/\/prog-ag.de\/?page_id=34","title":{"rendered":"Minecraft-Server der Schule"},"content":{"rendered":"\n<figure class=\"wp-block-image size-full\"><img loading=\"lazy\" decoding=\"async\" width=\"2466\" height=\"274\" src=\"https:\/\/prog-ag.de\/wp-content\/uploads\/2024\/09\/cgaming.jpg\" alt=\"\" class=\"wp-image-36\" srcset=\"https:\/\/prog-ag.de\/wp-content\/uploads\/2024\/09\/cgaming.jpg 2466w, https:\/\/prog-ag.de\/wp-content\/uploads\/2024\/09\/cgaming-300x33.jpg 300w, https:\/\/prog-ag.de\/wp-content\/uploads\/2024\/09\/cgaming-1024x114.jpg 1024w, https:\/\/prog-ag.de\/wp-content\/uploads\/2024\/09\/cgaming-768x85.jpg 768w, https:\/\/prog-ag.de\/wp-content\/uploads\/2024\/09\/cgaming-1536x171.jpg 1536w, https:\/\/prog-ag.de\/wp-content\/uploads\/2024\/09\/cgaming-2048x228.jpg 2048w\" sizes=\"auto, (max-width: 2466px) 100vw, 2466px\" \/><\/figure>\n\n\n\n<p><\/p>\n\n\n\n<h2 class=\"wp-block-heading\">Anmeldung (notwendig)<\/h2>\n\n\n\n<p>Der Server ist nur f\u00fcr Sch\u00fclerInnen zug\u00e4ngig, die sich zuvor mit einem IServ-Zugang des Gymnasiums C\u00e4cilienschule auf einer Webseite angemeldet haben.<br>Mit Eingabe der IServ-Daten kann man einen Benutzernamen (den eigenen &#8222;urspr\u00fcnglichen&#8220; Minecraft-Benutzernamen) f\u00fcr den Server freischalten lassen.<br>Zus\u00e4tzlich legt man ein Kennwort fest, welches man bei Betreten des Servers \u00fcbermittelt. Dieses sollte und kann anders sein als das f\u00fcr IServ gew\u00e4hlte Kennwort.<br><br>Ohne diese Anmeldung ist zwar eine Verbindung zum Server m\u00f6glich, aber man kann sich nicht bewegen.<\/p>\n\n\n\n<p><img loading=\"lazy\" decoding=\"async\" width=\"150\" height=\"110\" class=\"wp-image-35\" style=\"width: 150px;\" src=\"https:\/\/prog-ag.de\/wp-content\/uploads\/2024\/09\/mclogin.jpg\" alt=\"\" srcset=\"https:\/\/prog-ag.de\/wp-content\/uploads\/2024\/09\/mclogin.jpg 2196w, https:\/\/prog-ag.de\/wp-content\/uploads\/2024\/09\/mclogin-300x220.jpg 300w, https:\/\/prog-ag.de\/wp-content\/uploads\/2024\/09\/mclogin-1024x750.jpg 1024w, https:\/\/prog-ag.de\/wp-content\/uploads\/2024\/09\/mclogin-768x563.jpg 768w, https:\/\/prog-ag.de\/wp-content\/uploads\/2024\/09\/mclogin-1536x1125.jpg 1536w, https:\/\/prog-ag.de\/wp-content\/uploads\/2024\/09\/mclogin-2048x1501.jpg 2048w\" sizes=\"auto, (max-width: 150px) 100vw, 150px\" \/><br><a href=\"https:\/\/mclogin.prog-ag.de\">Hier findet sich die Anmeldeseite: https:\/\/mclogin.prog-ag.de<\/a><\/p>\n\n\n\n<h2 class=\"wp-block-heading\">Verbindung (Serverdaten)<\/h2>\n\n\n\n<p>Nachdem man den eigenen Benutzeraccount freigeschaltet hat, kann man sich mit dem Server (Minecraft Version 1.21.1) verbinden. <\/p>\n\n\n\n<figure class=\"wp-block-image size-full\"><img loading=\"lazy\" decoding=\"async\" width=\"2560\" height=\"1168\" src=\"https:\/\/prog-ag.de\/wp-content\/uploads\/2024\/09\/cgaming-server-scaled.jpg\" alt=\"\" class=\"wp-image-37\" srcset=\"https:\/\/prog-ag.de\/wp-content\/uploads\/2024\/09\/cgaming-server-scaled.jpg 2560w, https:\/\/prog-ag.de\/wp-content\/uploads\/2024\/09\/cgaming-server-300x137.jpg 300w, https:\/\/prog-ag.de\/wp-content\/uploads\/2024\/09\/cgaming-server-1024x467.jpg 1024w, https:\/\/prog-ag.de\/wp-content\/uploads\/2024\/09\/cgaming-server-768x350.jpg 768w, https:\/\/prog-ag.de\/wp-content\/uploads\/2024\/09\/cgaming-server-1536x701.jpg 1536w, https:\/\/prog-ag.de\/wp-content\/uploads\/2024\/09\/cgaming-server-2048x934.jpg 2048w\" sizes=\"auto, (max-width: 2560px) 100vw, 2560px\" \/><\/figure>\n\n\n\n<p>Die Adresse des Servers lautet prog-ag.de , der Port ist der Standardport.<\/p>\n\n\n\n<p>Wenn man sich mit dem Server verbunden hat, verlangt der Server das vorhin auf der Anmeldeseite festgelegte Passwort.<br>Sollte man dieses einmal vergessen haben, kann man es einfach auf der Anmeldeseite wieder neu festlegen.<\/p>\n\n\n\n<p>Nach Anmeldung gibt man also z.B. <strong>\/L GEHEIMESPASSWORT <\/strong>ein, falls GEHEIMESPASSWORT das selbstgesetzte Kennwort war.<\/p>\n\n\n\n<h2 class=\"wp-block-heading\">Informationen zum Server \/ Vorgaben<\/h2>\n\n\n\n<p>Server l\u00e4uft im Survival-Modus, d.h. es existiert PVP und PVE (K\u00e4mpfe gegen Monster und andere Spieler)<\/p>\n\n\n\n<ul class=\"wp-block-list\">\n<li><strong>kein Chat<\/strong> (deaktiviert)<\/li>\n\n\n\n<li><strong>kein Redstone<\/strong> (deaktiviert)<\/li>\n\n\n\n<li><strong>keine Schilder <\/strong>(deaktiviert)<\/li>\n\n\n\n<li>beim Verbinden wird man an einen zuf\u00e4lligen Ort in der N\u00e4he des Spawns teleportiert. Nach Setzen eines Bettes wird dieser Ort genutzt.<\/li>\n\n\n\n<li>es gibt ein Grief-Prevention-Plugin, bei dem man durch Setzen einer Chest (zuerst) oder Verwendung einer goldenen Schaufel (sp\u00e4ter) eigene Bereiche &#8222;claimen&#8220; kann. Genauere Informationen und eine Anleitung findet sich z.B. hier: <a href=\"https:\/\/youtu.be\/JoUQQLKARXY?si=Yk2k-Wd1I3XrXovi\">https:\/\/youtu.be\/JoUQQLKARXY?si=Yk2k-Wd1I3XrXovi<\/a><\/li>\n\n\n\n<li>wenn der Server aktiv ist (also ein Spieler damit verbunden ist), kann man unter <a href=\"http:\/\/prog-ag.de:9090\">http:\/\/prog-ag.de:9090<\/a> eine Live-Kartenansicht der Welt einsehen.<\/li>\n<\/ul>\n\n\n\n<p>Es gilt eine allgemeine &#8222;Netiquette&#8220; &#8211; also der Grundsatz, andere SpielerInnen nicht zu beleidigen oder anderweitig Probleme zu verursachen. Sollte dagegen versto\u00dfen werden, nimmt sich der Administrator das Recht heraus, ohne weitere Begr\u00fcndung Spieler des Spiels zu verweisen.<\/p>\n\n\n\n<p>Da es sich um einen Survival-Server handelt, ist ein &#8222;PVP&#8220;-Einsatz oder die \u00dcbernahme von &#8222;ungeclaimten&#8220; Bereichen oder Gegenst\u00e4nden erlaubt. Es gilt, dagegen eigene Vorkehrungen zu treffen.<\/p>\n\n\n\n<p>Viel Spa\u00df beim Spielen!<br>Peters<\/p>\n\n\n\n<p><strong>Weitere technische Details (nur f\u00fcr Interessierte!)<\/strong><\/p>\n\n\n\n<p><strong>Grief Prevention<\/strong><\/p>\n\n\n\n<ul class=\"wp-block-list\">\n<li>Pro Stunde Spielzeit 100 weitere Bl\u00f6cke, maximal 10000<\/li>\n\n\n\n<li>Verfall aller Claims nach 180 Tagen ohne Nutzung<\/li>\n\n\n\n<li>Ver\u00e4nderungen am Claim: Goldschaufel, Untersuchung der Claims: Stick<\/li>\n<\/ul>\n\n\n\n<p><\/p>\n\n\n\n<p><\/p>\n","protected":false},"excerpt":{"rendered":"<p>Anmeldung (notwendig) Der Server ist nur f\u00fcr Sch\u00fclerInnen zug\u00e4ngig, die sich zuvor mit einem IServ-Zugang des Gymnasiums C\u00e4cilienschule auf einer [&hellip;]<\/p>\n","protected":false},"author":2,"featured_media":0,"parent":0,"menu_order":0,"comment_status":"closed","ping_status":"closed","template":"","meta":{"site-sidebar-layout":"default","site-content-layout":"","ast-site-content-layout":"","site-content-style":"default","site-sidebar-style":"default","ast-global-header-display":"","ast-banner-title-visibility":"","ast-main-header-display":"","ast-hfb-above-header-display":"","ast-hfb-below-header-display":"","ast-hfb-mobile-header-display":"","site-post-title":"disabled","ast-breadcrumbs-content":"","ast-featured-img":"","footer-sml-layout":"","theme-transparent-header-meta":"","adv-header-id-meta":"","stick-header-meta":"","header-above-stick-meta":"","header-main-stick-meta":"","header-below-stick-meta":"","astra-migrate-meta-layouts":"default","ast-page-background-enabled":"default","ast-page-background-meta":{"desktop":{"background-color":"var(--ast-global-color-4)","background-image":"","background-repeat":"repeat","background-position":"center center","background-size":"auto","background-attachment":"scroll","background-type":"","background-media":"","overlay-type":"","overlay-color":"","overlay-opacity":"","overlay-gradient":""},"tablet":{"background-color":"","background-image":"","background-repeat":"repeat","background-position":"center center","background-size":"auto","background-attachment":"scroll","background-type":"","background-media":"","overlay-type":"","overlay-color":"","overlay-opacity":"","overlay-gradient":""},"mobile":{"background-color":"","background-image":"","background-repeat":"repeat","background-position":"center center","background-size":"auto","background-attachment":"scroll","background-type":"","background-media":"","overlay-type":"","overlay-color":"","overlay-opacity":"","overlay-gradient":""}},"ast-content-background-meta":{"desktop":{"background-color":"var(--ast-global-color-5)","background-image":"","background-repeat":"repeat","background-position":"center center","background-size":"auto","background-attachment":"scroll","background-type":"","background-media":"","overlay-type":"","overlay-color":"","overlay-opacity":"","overlay-gradient":""},"tablet":{"background-color":"var(--ast-global-color-5)","background-image":"","background-repeat":"repeat","background-position":"center center","background-size":"auto","background-attachment":"scroll","background-type":"","background-media":"","overlay-type":"","overlay-color":"","overlay-opacity":"","overlay-gradient":""},"mobile":{"background-color":"var(--ast-global-color-5)","background-image":"","background-repeat":"repeat","background-position":"center center","background-size":"auto","background-attachment":"scroll","background-type":"","background-media":"","overlay-type":"","overlay-color":"","overlay-opacity":"","overlay-gradient":""}},"footnotes":""},"class_list":["post-34","page","type-page","status-publish","hentry"],"_links":{"self":[{"href":"https:\/\/prog-ag.de\/index.php?rest_route=\/wp\/v2\/pages\/34","targetHints":{"allow":["GET"]}}],"collection":[{"href":"https:\/\/prog-ag.de\/index.php?rest_route=\/wp\/v2\/pages"}],"about":[{"href":"https:\/\/prog-ag.de\/index.php?rest_route=\/wp\/v2\/types\/page"}],"author":[{"embeddable":true,"href":"https:\/\/prog-ag.de\/index.php?rest_route=\/wp\/v2\/users\/2"}],"replies":[{"embeddable":true,"href":"https:\/\/prog-ag.de\/index.php?rest_route=%2Fwp%2Fv2%2Fcomments&post=34"}],"version-history":[{"count":4,"href":"https:\/\/prog-ag.de\/index.php?rest_route=\/wp\/v2\/pages\/34\/revisions"}],"predecessor-version":[{"id":51,"href":"https:\/\/prog-ag.de\/index.php?rest_route=\/wp\/v2\/pages\/34\/revisions\/51"}],"wp:attachment":[{"href":"https:\/\/prog-ag.de\/index.php?rest_route=%2Fwp%2Fv2%2Fmedia&parent=34"}],"curies":[{"name":"wp","href":"https:\/\/api.w.org\/{rel}","templated":true}]}}